{"id":413,"date":"2007-03-15T21:38:16","date_gmt":"2007-03-15T20:38:16","guid":{"rendered":"http:\/\/www.siggibecker.de\/blog\/siggis-letzte-worte-beim-elektrischer-reporter\/"},"modified":"2021-05-08T20:42:24","modified_gmt":"2021-05-08T18:42:24","slug":"siggis-letzte-worte-beim-elektrischer-reporter","status":"publish","type":"page","link":"https:\/\/www.siggibecker.de\/blog\/siggis-letzte-worte-beim-elektrischer-reporter\/","title":{"rendered":"Gesammelte letzte Worte"},"content":{"rendered":"<p>Alle meine letzten Worte beim <a href=\"http:\/\/www.elektrischer-reporter.de\/\">Elektrischen Reporter<\/a> in chronologisch umgekehrter Reihenfolge mit Link zu den jeweiligen, urspr\u00fcnglichen Postings.<\/p>\n<p><span style=\"color: #ae2234;\"><b>Folge 23: Daniela und Lars Hinrichs \u00fcber Xing <\/b><\/span><br \/>\n<a href=\"https:\/\/www.siggibecker.de\/blog\/archives\/2004\/11\/gregory-bateson-geburstag-kybernetik\/\">Erforscht man jedoch seinen existentiellen Weg, sind&#8230;<\/a><br \/>\n<span style=\"color: #ae2234;\"><b>Folge 22: Hossein Derakhshan \u00fcber Blog-Kultur im Iran <\/b><\/span><br \/>\n<a href=\"https:\/\/www.siggibecker.de\/blog\/archives\/2004\/02\/hubbert-peak-oil\/\">Komm mir keiner mit dem &#8230;<\/a><br \/>\n<span style=\"color: #ae2234;\"><b>Folge 21: Martin Varsavsky \u00fcber Start-Up-Kultur in den USA und in Europa <\/b><\/span><br \/>\n<a href=\"https:\/\/www.siggibecker.de\/blog\/archives\/2004\/08\/technische-feinheiten\/\">Um den Fluss des eigenen Wachstums in Gang zu&#8230;<\/a><br \/>\n<span style=\"color: #ae2234;\"><b>Folge 19: David Weinberger \u00fcber Cluetrain, Netzneutralit\u00e4t und eine neue Renaissance<\/b><\/span><br \/>\n<a href=\"https:\/\/www.siggibecker.de\/blog\/archives\/2004\/11\/fruehe-reife-und-wozu\/\">Das was gestern narzistische Uneinsichtigkeit in die &#8230;<\/a><br \/>\n<span style=\"color: #ae2234;\"><b>Folge 18: Marissa Mayer \u00fcber Google <\/b><\/span><br \/>\n<a href=\"https:\/\/www.siggibecker.de\/blog\/archives\/2006\/06\/zukunft-gegenwart\/\">Die Empf\u00e4nglichkeit f\u00fcr die feinsten Triebe der &#8230;<\/a><br \/>\n<span style=\"color: #ae2234;\"><b>Folge 17: Michael Schuster \u00fcber Hierarchien und Netzwerke <\/b><\/span><br \/>\n<a href=\"https:\/\/www.siggibecker.de\/blog\/archives\/2006\/03\/halliburton-kbr-lagerbau\/\">Trotz Internet, Blogs, RSS und was &#8230;<\/a><br \/>\n<span style=\"color: #ae2234;\"><b>Folge 16: Marc Canter \u00fcber soziale Netzwerke und Online-Identit\u00e4t <\/b><\/span><br \/>\n<a href=\"https:\/\/www.siggibecker.de\/blog\/archives\/2003\/12\/masstab-politik\/\">Politische Entscheidungen m\u00fcssten heutzutage eigentlich&#8230;<\/a><br \/>\n<span style=\"color: #ae2234;\"><b>Folge 15: Ibrahim Evsan \u00fcber Sevenload und das TV von morgen <\/b><\/span><br \/>\n<a href=\"https:\/\/www.siggibecker.de\/blog\/archives\/2003\/12\/was-wird\/\">Wer heute 15 oder 20 ist lebt mit der st\u00e4ndigen&#8230;<\/a><br \/>\n<span style=\"color: #ae2234;\"><b>Folge 14: Lawrence Lessig \u00fcber die Medienwelt als Buchgesch\u00e4ft<\/b><\/span><br \/>\n<a href=\"https:\/\/www.siggibecker.de\/blog\/archives\/2004\/03\/nur-so-27\/\">Wir sind unsere Filter. Der Faktoidwasserfall &#8230;<\/a><br \/>\n<span style=\"color: #ae2234;\"><b>Folge 13: Lawrence Lessig \u00fcber das Urheberrecht und die Lese-Schreibe-Kultur <\/b><\/span><br \/>\n<a href=\"https:\/\/www.siggibecker.de\/blog\/archives\/2004\/04\/ende-blog-denken-kommunion\/\">Die Bedeutung eines gegenw\u00e4rtigen Details ergibt&#8230;<\/a><br \/>\n<span style=\"color: #ae2234;\"><b>Folge 12: Peter Glaser \u00fcber Datenschutz und Informationskubismus <\/b><\/span><br \/>\n<a href=\"https:\/\/www.siggibecker.de\/blog\/archives\/2004\/09\/weniger-mehr-utopie\/\">Streift das innere Auge \u00fcber die Unruhe die&#8230;<\/a><br \/>\n<span style=\"color: #ae2234;\"><b>Folge 11: Peter Glaser \u00fcber die Anfangstage der Digitalen \u00c4ra <\/b><\/span><br \/>\n<a href=\"https:\/\/www.siggibecker.de\/blog\/archives\/2006\/06\/zukunft-gegenwart\/\">Die Empf\u00e4nglichkeit f\u00fcr die feinsten Triebe der &#8230;<\/a><br \/>\n<span style=\"color: #ae2234;\"><b>Folge 10: Dan Gillmor \u00fcber den Wandel der Medien <\/b><\/span><br \/>\n<a href=\"https:\/\/www.siggibecker.de\/blog\/archives\/2004\/06\/link-und-leben\/\">Jeder Link ist ein entropischer &#8230;<\/a><br \/>\n<span style=\"color: #ae2234;\"><b>Folge 09: Stefan Kellner \u00fcber Plazes.com <\/b><\/span><br \/>\n<a href=\"https:\/\/www.siggibecker.de\/blog\/archives\/2006\/04\/rekursive-spiele-in-der-aufmerksamkeitsoekonomie\/\">Der Traum einer rationaleren Gesellschaft wird &#8230;<\/a><br \/>\n<span style=\"color: #ae2234;\"><b>Folge 08: Robert Lang \u00fcber Fon <\/b><\/span><br \/>\n<a href=\"https:\/\/www.siggibecker.de\/blog\/archives\/2004\/08\/gadgets-zukunft-technologie\/\">In einer Zukunft voller exponentieller &#8230;<\/a><br \/>\n<span style=\"color: #ae2234;\"><b>Folge 07: Brewster Kahle \u00fcber das Internet-Archiv <\/b><\/span><br \/>\n<a href=\"https:\/\/www.siggibecker.de\/blog\/archives\/2006\/05\/aufmerksamkeit-openbc\/\">Im kreischenden Dickicht der Feeds, News und &#8230;<\/a><br \/>\n<span style=\"color: #ae2234;\"><b>Folge 06: Evrim Sen \u00fcber Hacker und Cracker<\/b><\/span><br \/>\n<a href=\"https:\/\/www.siggibecker.de\/blog\/archives\/2006\/05\/systemfortschritt\/\">Wenn die Technologien nur dazu dienen Werkzeuge in&#8230;<\/a><br \/>\n<span style=\"color: #ae2234;\"><b>Folge 05: Larry Sanger \u00fcber Wikipedia und Citizendium<\/b><\/span><br \/>\n<a href=\"https:\/\/www.siggibecker.de\/blog\/archives\/2006\/06\/utopie-zukunft-fortschritt\/\">Utopie ist nicht Vision, schon gar nicht &#8230;<\/a><br \/>\n<span style=\"color: #ae2234;\"><b>Folge 04: Holm Friebe und Sascha Lobo \u00fcber die digitale Boh\u00e8me<\/b><\/span><br \/>\n<a href=\"https:\/\/www.siggibecker.de\/blog\/archives\/2006\/06\/kawasaki-art-of-start-utopie\/\">Wer Zukunft f\u00fcr ein gesch\u00e4ftsmodellf\u00e4higes Interface f\u00fcr die &#8230;<\/a><br \/>\n<span style=\"color: #ae2234;\"><b>Folge 03: Mitchell Reichgut \u00fcber The Scene<\/b><\/span><br \/>\n<a href=\"https:\/\/www.siggibecker.de\/blog\/archives\/2004\/03\/saphir-zukunft-singularity\/\">Das Tier wuchtet sich in eine Zukunft voller&#8230;<\/a><br \/>\n<span style=\"color: #ae2234;\"><b>Folge 02: Markus Breuer \u00fcber Second Life<\/b><\/span><br \/>\n<a href=\"https:\/\/www.siggibecker.de\/blog\/archives\/2006\/03\/webmontag-koeln\/\">Der schroffe Bruch des wahren Neuen &#8230;<\/a><br \/>\n<span style=\"color: #ae2234;\"><b>Folge 01: Tim Bruysten und Simon Kock \u00fcber Mnemo<\/b><\/span><br \/>\n<a href=\"https:\/\/www.siggibecker.de\/blog\/archives\/2006\/04\/nachwirkungen-mp3\/\">Merkantile Filter lassen in evolvierenden R\u00e4umen &#8230;<\/a><\/p>\n","protected":false},"excerpt":{"rendered":"<p>Alle meine letzten Worte beim Elektrischen Reporter in chronologisch umgekehrter Reihenfolge mit Link zu den jeweiligen, urspr\u00fcnglichen Postings. Folge 23: Daniela und Lars Hinrichs \u00fcber Xing Erforscht man jedoch seinen existentiellen Weg, sind&#8230; Folge 22: Hossein Derakhshan \u00fcber Blog-Kultur im Iran Komm mir keiner mit dem &#8230; Folge 21: Martin Varsavsky \u00fcber Start-Up-Kultur in den &#8230; <a title=\"Gesammelte letzte Worte\" class=\"read-more\" href=\"https:\/\/www.siggibecker.de\/blog\/siggis-letzte-worte-beim-elektrischer-reporter\/\" aria-label=\"Mehr zu Gesammelte letzte Worte\">Weiterlesen &#8230;<\/a><\/p>\n","protected":false},"author":1,"featured_media":0,"parent":0,"menu_order":0,"comment_status":"closed","ping_status":"closed","template":"","meta":{"generate_page_header":"","footnotes":""},"class_list":["post-413","page","type-page","status-publish"],"_links":{"self":[{"href":"https:\/\/www.siggibecker.de\/blog\/wp-json\/wp\/v2\/pages\/413","targetHints":{"allow":["GET"]}}],"collection":[{"href":"https:\/\/www.siggibecker.de\/blog\/wp-json\/wp\/v2\/pages"}],"about":[{"href":"https:\/\/www.siggibecker.de\/blog\/wp-json\/wp\/v2\/types\/page"}],"author":[{"embeddable":true,"href":"https:\/\/www.siggibecker.de\/blog\/wp-json\/wp\/v2\/users\/1"}],"replies":[{"embeddable":true,"href":"https:\/\/www.siggibecker.de\/blog\/wp-json\/wp\/v2\/comments?post=413"}],"version-history":[{"count":1,"href":"https:\/\/www.siggibecker.de\/blog\/wp-json\/wp\/v2\/pages\/413\/revisions"}],"predecessor-version":[{"id":1218,"href":"https:\/\/www.siggibecker.de\/blog\/wp-json\/wp\/v2\/pages\/413\/revisions\/1218"}],"wp:attachment":[{"href":"https:\/\/www.siggibecker.de\/blog\/wp-json\/wp\/v2\/media?parent=413"}],"curies":[{"name":"wp","href":"https:\/\/api.w.org\/{rel}","templated":true}]}}