{"id":393,"date":"2007-02-04T23:57:31","date_gmt":"2007-02-04T22:57:31","guid":{"rendered":"http:\/\/www.siggibecker.de\/blog\/interviewtranskript-marissa-mayer-deutsche-fassung\/"},"modified":"2017-08-28T12:18:11","modified_gmt":"2017-08-28T10:18:11","slug":"interviewtranskript-marissa-mayer-deutsche-fassung","status":"publish","type":"page","link":"https:\/\/www.siggibecker.de\/blog\/interviewtranskript-marissa-mayer-deutsche-fassung\/","title":{"rendered":"Interviewtranskript Marissa Mayer &#8211; Deutsche Fassung"},"content":{"rendered":"<p>22. January, Monday 11:31:12 in M\u00fcnchen<\/p>\n<p>(Leider sind die ausl\u00f6senden Injectiones (Fragen) nicht \u00fcberliefert)<\/p>\n<p>Da sind einige wichtige Dinge zu beachten.<\/p>\n<p>Wir m\u00f6chten unseren Nutzern gerne mehr Dienste anbieten und ebenso einige produktbasierte Angebote \u00e4hnlich unserer (Google)suche, so da\u00df wir einige kleine gut gehende Gesch\u00e4fte in dieser Art haben.<\/p>\n<p>Die Werbeeinnahmen selbst, die fast 90% der Einnahmen von Google ausmachen sind in Wirklichkeit sehr verschieden. Sie kommen aus einer Menge verschiedener Industrien &#8211; kleine Gesch\u00e4fte, gro\u00dfe Konzerne und aus der ganzen Welt.<\/p>\n<p>Normalerweise sind Leute besorgt wenn 99% der Einnahmen aus einer Quelle kommen, weil man dann verletztlich ist um es milde auszudr\u00fccken. Aber wenn man schaut wie unterschiedlich Google\u00b4s Einnahmen sind, macht uns das keine Sorge, weil es schwer vorstellbar ist das eine globale Rezession alle Industrien gleichzeitig betrifft.<\/p>\n<p>Ich denke das wir eine Strategie haben. Wir denken viel dar\u00fcber nach was unsere Strategie sein sollte. Das geschieht wie in einer Kreativit\u00e4ts\u00fcbung. Wenn wir also Entwickler mit interessanten Ideen haben die sie in eine Demo umgesetzt haben dann ist das etwas was wir unbedingt in eine Google Labs oder in eine Betaform bringen wollen.<\/p>\n<p>Wir sind also willens allem eine Chance zu geben. So wie viele Produkte auch aus strategischen \u00dcberlegungen kommen.<\/p>\n<p>Im Falle von Google Maps erkannten wir, das es ein gro\u00dfes Bed\u00fcrfnis f\u00fcr bessere Onlinekarten gab. Wir sahen aber das viele Leute die Karten unserer Konkurrenz nutzen weil Google keine Karten anbot. Dieses Produkt haben wir also aus einem sehr strategischen Gesichtspunkt entwickelt.<\/p>\n<p>Wir reden normalerweise nicht \u00fcber zuk\u00fcnftige Produkte und ich m\u00f6chte zu Adwords niemals nie sagen.<\/p>\n<p>Es gibt da keine Pl\u00e4ne im Moment.<\/p>\n<p>Wir denken sehr viel dar\u00fcber nach wie die Suche ein Betriebssystem verbessern kann, wie zum Beispiel durch Google Desktop. Ich denke das einige Funktionen die Google Desktop den Leuten auf ihren Computern zur Verf\u00fcgung stellt sehr wichtig und gro\u00dfartig ist und das das etwas ist was irgendwann als Teil eines Betriebssystems betrachtet wird.<\/p>\n<p>Wir entwickeln nicht das ganze untere Betriebssystem selbst &#8211; wir denken nur dar\u00fcber nach wie die Suche ein Betriebssystem f\u00fcr die Leute besser macht.<\/p>\n<p>Gmail und Google Calendar arbeiten nun zusammen. Wir arbeiten immer noch daran die Funktionen besser zu internationalisieren. Da geschehen sehr intelligente Sachen im Moment. Wenn ich zB eine Email von einem Freund empfange der sagt: &#8222;Lass uns rausgehen und einen Film Freitag um 7 anschauen&#8220;, dann haben wir ein Programm das \u00fcber die Mail schaut, und auf der rechten Seite von Gmail erscheint ein Link der vorschl\u00e4gt:<\/p>\n<p>M\u00f6chtest Du &#8222;Film&#8220; um 7 am Freitag in Deinen Kalender eintragen?<\/p>\n<p>Und wenn ich den Link anklicke tr\u00e4gt das Programm den Termin in meinen Kalender Freitagabend ein.<\/p>\n<p>Wir f\u00fchren also Daten aus verschiedenen Produkten in dieser Art zusammen. Einige dieser Funktionen sind etwas schwerer zu internationalisieren aber wir arbeiten daran.<\/p>\n<p>Wir stellen keine Profile zusammen. Wir denken das das Vertrauen unserer Kunden unglaublich wichtig ist. Die Leute nutzen Google und vertrauen uns ihre Suchen an und sie vertrauen uns ihre Informationen an weil sie denken das wir vertrauensw\u00fcrdig sind. F\u00fcr uns ist es sehr wichtig dieses Vertrauen zu w\u00fcrdigen und uns an sehr solide Datenrichtlinien zu halten, die die Privatsph\u00e4re der Kunden sch\u00fctzt.<\/p>\n<p>Das ist etwas \u00fcber das wir oft nachdenken.<\/p>\n<p>Daf\u00fcr gibt es unsere Datenschutzrichtlinien die genau aussagen wie wir NICHT pers\u00f6nliche Informationen verwenden.<\/p>\n<p>Das ist richtig. Wir f\u00fchren keine Daten aus verschiedenen Diensten zusammen und das ist in unseren Datenschutzrichtlinen festgelegt.<\/p>\n<p>Ich denke es ist wichtig festzuhalten das Google ein Ph\u00e4nomen ist, das von seinen Kunden erzeugt wird.<\/p>\n<p>Der Fakt das wir so viele Suchanfragen haben, liegt darin begr\u00fcndet das unsere Kunden sich f\u00fcr Google entschieden haben. Sie haben sich entschieden Google eine Menge Informationen anzuvertrauen in Form von Webseiten, ihrer Email usw. Das ganze ist also sehr kundengesteuert.<\/p>\n<p>Eine monopolartige Situation ist meist gekennzeichnet durch ein mehr Kontrolle und Beschr\u00e4nkung im Gegensatz zu einer Situation, in der die Leute das beste Produkt w\u00e4hlen.<\/p>\n<p>Wir denken das unser Ziel sein sollte dar\u00fcber und die Kundenbed\u00fcrfnisse nachzudenken und das gut zu erf\u00fcllen in einer ethischen Weise so wie wir unsere Gesch\u00e4fte f\u00fchren und unsere Kunden behandeln und das letztlich der Kunde w\u00e4hlen sollte wie die Services verbunden werden und die Daten genutzt.<\/p>\n<p>Ich denke es gibt einige Stellen wo diese zwei Produkte sich \u00fcberlappen aber unsere Ziele sind sehr verschieden.<\/p>\n<p>Wenn man zB Googel Docs oder Google Spreadsheet anschaut, dann ist es sehr wichtig f\u00fcr die Leute gemeinsam einfach an Dokumenten arbeiten zu k\u00f6nnen und sie zu verwalten.<\/p>\n<p>Es mag Gr\u00fcnde geben das es beides gibt: Dokumente und Spreadsheets. Wenn man die Funktionen betrachtet die Google Produkte anbieten, dann liegt der Schwerpunkt mehr auf Zusammenarbeit, leichtes editieren und leichtes ver\u00f6ffentlichen.<\/p>\n<p>Unser Interesse ist das es f\u00fcr die Kunden leicht ist Informationen im Netz zu ver\u00f6ffentlichen, denn wenn sie mehr Informationen ins Netz bringen gibt es mehr f\u00fcr uns anzubieten. Dar\u00fcberhinaus hilft es uns bessere Suchergebnisse f\u00fcr die Kunden zu liefern. Das ist das Ziel.<\/p>\n<p>Wir denken, indem wir Tools wie Docs und Spreadsheet anbieten k\u00f6nnen wir letztendlich eine bessere Suche anbieten. Und das ist der Schwerpunkt.<\/p>\n<p>Was wir mit Sicherheit haben, sind einige Leute bei Google die sehr an k\u00fcnstlicher Intelligenz interessiert sind und was damit und der gro\u00dfen Menge an Computern gemacht werden kann.<\/p>\n<p>Wenn man wirklich die gro\u00dfe Menge des menschlichen Wissens online durchsuchen kann dann gibt es eine Menge gro\u00dfartiger Dinge die man damit machen kann. Jeder, auch ich mit meinem Hintergrund in k\u00fcnstlicher Intelligenz hat die unterschiedlichsten Meinungen was m\u00f6glich ist und ob das wirklich schon Intelligenz ist.<\/p>\n<p>Aber ich denke wir werden in Zukunft einige sehr smarte Computer haben, die sehr viel erstaunliches leisten k\u00f6nnen.<\/p>\n<p>Ich denke wir haben einige Anwendungen die im allgemeinen Sinne lernen und es gibt einige sehr formale Anwendungen wie zB der Google Spellchecker, der versucht zu lernen besser zu buchstabieren und dabei einige sehr fortgeschrittene Algorithmen der k\u00fcnstlichen Intelligenz benutzt und diesen Dienst oben auf der Seite anbietet.<\/p>\n<p>Buchstabieren zu lernen hat wirklich hervorragend geklappt aber das ist nat\u00fcrlich keine wahre Intelligenz. Das Programm schaut nur Leuten bei der Eingabe der Suchanfragen zu und wie sie sich berichtigen usw. Es gibt also eine Art allgemeiner Forschung in k\u00fcnstlicher Intelligenz bei Google.<\/p>\n<p>Der andere Zweig der Teil davon ist, ist wie wir Adsense kontextualisieren.<\/p>\n<p>So wie man Adsense neben Inhalten im Netz plaziert sieht, benutzt es sehr fortgeschrittene Algorithmen, die den Text auf der Seite nehmen und auf einer Metaebene versuchen zu verstehen wovon die Seite handelt. Es gibt also bei Google Grundlagenforschung im Bereich AI die sehr gut darin ist Werbung zu kontextualisieren.<\/p>\n<p>F\u00fchren wir also allgemeine AI Forschung durch? Ja!<\/p>\n<p>Stecken wir mehr Resourcen und Geld in den Spellchecker und in die Adsense Kontextualisierung? Absolut!<\/p>\n<p>Wir investieren also stark in diese zwei Anwendungen der k\u00fcnstlichen Intelligenz und besch\u00e4ftigen uns mit dem breiteren Forschungsfeld.<\/p>\n<p>Zensur ist immer ein heikles Thema und es gibt zwei allgemeine Ans\u00e4tze: Einen der Zusammenarbeit und einen der Entfremdung.<\/p>\n<p>Geht man nicht in einen Markt hinein in der Hoffnung auf Ver\u00e4nderung oder betritt man den Markt in der Hoffnung Ver\u00e4nderung zu bewirken.<\/p>\n<p>Wir empfanden das es f\u00fcr chinesiche Kunden wichtig w\u00e4re Google\u00b4s Dienste angeboten zu bekommen und wenn wir in China Gesch\u00e4fte machen wollen dann m\u00fcssen wir uns nat\u00fcrlich an die lokalen Gesetze und Forderungen halten.<\/p>\n<p>Man beachte das dies nicht einzig f\u00fcr China gilt: Das gilt in allen L\u00e4ndern der Welt. Wir m\u00fcssen uns an die lokalen Gesetze halten und versuchen so wenig wie m\u00f6glich zu zensieren um den Forderungen der lokalen Regierungen nachzukommen.<\/p>\n<p>Wenn man sich Google Video und YouTube anschaut dann sieht man dort ein riesiges durch Kunden selbst erzeugtes Ph\u00e4nomen entstehen. Die Leute f\u00fchlen sich befl\u00fcgelt ihre eigenen Videos herzustellen und hochzuladen und mittels dieses funktionierenden Kanals mit Freunden und Familie zu teilen.<\/p>\n<p>Ich denke das YouTube und Google Video einen gro\u00dfartigen Ort f\u00fcr die Medien darstellen um ihre Inhalte zu ver\u00f6ffentlichen. Ich sehe diese zwei Plattformen nicht in Konkurrenz zu den anderen Medien.<\/p>\n<p>Ich sehe darin einen neuen Kanal in dem sie ihre Inhalte ver\u00f6ffentlichen k\u00f6nnen. Macht das Sinn?<\/p>\n<p>Wir selbst produzieren keine Videos, sondern helfen unseren Kunden, dem Fernsehen und den Filmstudios ihre Inhalte zu ver\u00f6ffentlichen. Ich denke Google Video und YouTube sind einfach ein neuer Kanal. Das ist ein neuer Weg um Video Inhalte zu ver\u00f6ffentlichen.<\/p>\n<p>Ich sehe darin nicht eine Rivalit\u00e4t sondern eher das die Endverbraucher ihren Vertriebskanal selbst w\u00e4hlen. M\u00f6chten sie die Inhalte im TV sehen, m\u00f6chten sie sie Online sehen? So gesehen stellen YouTube und Google Video mit ihrem breiten Angebot eine gute Wahl dar um Video Online anzuschauen.<\/p>\n<p>Als wir uns den Gebrauch von YouTube und Video \u00fcberhaupt im Netz anschauten fiel uns auf, das wenn man ein Video auf einer Seite sieht, dann ist es ein YouTube Player der auf der Seite eingebettet ist. Wir schauten uns also YouTube an und kamen zum Schluss das YouTube ph\u00e4nomenal ist.<\/p>\n<p>Was sie da wirklich gebaut haben ist eine Plattform die zur Folge hat das fast jedes Video im Netz ein YouTube Video ist.<\/p>\n<p>Die Gelegenheit f\u00fcr uns bestand in Folgendem: Wenn wir also Werbung in Videos plazieren wollten, dann war uns klar das wir mit Youtube ein Abkommen treffen oder sie kaufen m\u00fcssten um damit zu experimentieren. Unsere Hoffnung ist also hochqualitative Video-Werbung Online anzubieten und das YouTube eine gro\u00dfartige Gelegenheit darstellt um das zu tun.<\/p>\n<p>Im Moment Scannen wir eine Menge f\u00fcr das GoogleBook Suchprojekt. Ich denke das ist ein gro\u00dfartiges Projekt, das ver\u00e4ndern kann wie Leute Information finden.<\/p>\n<p>Ich denke Webseiten suchen ist toll und es gibt eine Menge wundervoller Information. Aber es gibt ebenso eine gro\u00dfe Menge an Information in B\u00fcchern. Wirklich hochqualitative Antworten, die wir durch diese Art der Suche anbieten k\u00f6nnen.<\/p>\n<p>Tja, und Leute die sich wundern was aus B\u00fcchern wird und diesem Medium nachtrauern\u2026da denke ich das Menschen immer B\u00fccher lesen werden.<\/p>\n<p>Jeder liebt es ein Buch zu nehmen und raus zu gehen zu einem Spaziergang oder an den Strand oder einem Kind vorzulesen. Physische B\u00fccher werden verschwinden.<\/p>\n<p>Was wir erleben werden ist, das die Leute auf die Informationen in einem Buch regelm\u00e4ssiger zugreifen werden, weil der Ballast des Gangs zu Bibliothek wegf\u00e4llt, nur um ein Zitat zu finden oder einen einfachen Fakt.<\/p>\n<p>Das kann man Online machen. Ich denke also das der Gebrauch der Buchsuche zunehmen wird und zum physischen Buchgebrauch hinzukommt.<\/p>\n<p>[tags]Google, Elektrischer Reporter, Marissa Mayer, AI, k\u00fcnstliche Intelligenz[\/tags]<\/p>\n","protected":false},"excerpt":{"rendered":"<p>22. January, Monday 11:31:12 in M\u00fcnchen (Leider sind die ausl\u00f6senden Injectiones (Fragen) nicht \u00fcberliefert) Da sind einige wichtige Dinge zu beachten. Wir m\u00f6chten unseren Nutzern gerne mehr Dienste anbieten und ebenso einige produktbasierte Angebote \u00e4hnlich unserer (Google)suche, so da\u00df wir einige kleine gut gehende Gesch\u00e4fte in dieser Art haben. Die Werbeeinnahmen selbst, die fast 90% &#8230; <a title=\"Interviewtranskript Marissa Mayer &#8211; Deutsche Fassung\" class=\"read-more\" href=\"https:\/\/www.siggibecker.de\/blog\/interviewtranskript-marissa-mayer-deutsche-fassung\/\" aria-label=\"Mehr zu Interviewtranskript Marissa Mayer &#8211; Deutsche Fassung\">Weiterlesen &#8230;<\/a><\/p>\n","protected":false},"author":1,"featured_media":0,"parent":0,"menu_order":0,"comment_status":"closed","ping_status":"closed","template":"","meta":{"generate_page_header":"","footnotes":""},"class_list":["post-393","page","type-page","status-publish"],"_links":{"self":[{"href":"https:\/\/www.siggibecker.de\/blog\/wp-json\/wp\/v2\/pages\/393","targetHints":{"allow":["GET"]}}],"collection":[{"href":"https:\/\/www.siggibecker.de\/blog\/wp-json\/wp\/v2\/pages"}],"about":[{"href":"https:\/\/www.siggibecker.de\/blog\/wp-json\/wp\/v2\/types\/page"}],"author":[{"embeddable":true,"href":"https:\/\/www.siggibecker.de\/blog\/wp-json\/wp\/v2\/users\/1"}],"replies":[{"embeddable":true,"href":"https:\/\/www.siggibecker.de\/blog\/wp-json\/wp\/v2\/comments?post=393"}],"version-history":[{"count":0,"href":"https:\/\/www.siggibecker.de\/blog\/wp-json\/wp\/v2\/pages\/393\/revisions"}],"wp:attachment":[{"href":"https:\/\/www.siggibecker.de\/blog\/wp-json\/wp\/v2\/media?parent=393"}],"curies":[{"name":"wp","href":"https:\/\/api.w.org\/{rel}","templated":true}]}}